{"id":7,"date":"2020-08-04T10:19:07","date_gmt":"2020-08-04T13:19:07","guid":{"rendered":"https:\/\/lasersignals.com.br\/?page_id=7"},"modified":"2026-01-15T14:23:03","modified_gmt":"2026-01-15T17:23:03","slug":"a-laser-signals","status":"publish","type":"page","link":"https:\/\/lasersignals.com.br\/","title":{"rendered":"A LaserSignals"},"content":{"rendered":"\t\t<div data-elementor-type=\"wp-page\" data-elementor-id=\"7\" class=\"elementor elementor-7\">\n\t\t\t\t<div class=\"elementor-element elementor-element-25b0266e e-flex e-con-boxed e-con e-parent\" data-id=\"25b0266e\" data-element_type=\"container\">\n\t\t\t\t\t<div class=\"e-con-inner\">\n\t\t\t\t<div class=\"elementor-element elementor-element-763a276f elementor-widget elementor-widget-text-editor\" data-id=\"763a276f\" data-element_type=\"widget\" data-widget_type=\"text-editor.default\">\n\t\t\t\t<div class=\"elementor-widget-container\">\n\t\t\t\t\t\t\t\t\t\n<figure class=\"wp-block-image size-large\"><img fetchpriority=\"high\" decoding=\"async\" class=\"aligncenter wp-image-13\" src=\"http:\/\/lasersignals.com.br\/wp-content\/uploads\/2026\/01\/banner3-300x156.jpeg\" alt=\"\" width=\"600\" height=\"313\" srcset=\"https:\/\/lasersignals.com.br\/wp-content\/uploads\/2026\/01\/banner3-300x156.jpeg 300w, https:\/\/lasersignals.com.br\/wp-content\/uploads\/2026\/01\/banner3-1024x533.jpeg 1024w, https:\/\/lasersignals.com.br\/wp-content\/uploads\/2026\/01\/banner3-768x400.jpeg 768w, https:\/\/lasersignals.com.br\/wp-content\/uploads\/2026\/01\/banner3-1536x800.jpeg 1536w, https:\/\/lasersignals.com.br\/wp-content\/uploads\/2026\/01\/banner3.jpeg 1920w\" sizes=\"(max-width: 600px) 100vw, 600px\" \/><\/figure>\n\n<p><em>Empresa desde 2004.<\/em><\/p>\n<p style=\"text-align: left;\"><em>Executamos projetos especiais sob medida para o cliente, e ajudando a desenvolver solu\u00e7\u00f5es para seu produto.<\/em><\/p>\n<p><em>Trabalhamos com corte e grava\u00e7\u00e3o a laser, router cnc, plotagem e impress\u00e3o digital, contamos tamb\u00e9m com dobras e colagens especiais.<\/em><\/p>\n<p><em>ACM, Acr\u00edlico, Policarbonato, PSAI, PS, PETG, MDF, EVA entre outros<\/em>.<\/p>\t\t\t\t\t\t\t\t<\/div>\n\t\t\t\t<\/div>\n\t\t\t\t<div class=\"elementor-element elementor-element-9d5262e elementor-widget elementor-widget-heading\" data-id=\"9d5262e\" data-element_type=\"widget\" data-widget_type=\"heading.default\">\n\t\t\t\t<div class=\"elementor-widget-container\">\n\t\t\t\t\t<h2 class=\"elementor-heading-title elementor-size-default\">A LaserSignals<\/h2>\t\t\t\t<\/div>\n\t\t\t\t<\/div>\n\t\t\t\t\t<\/div>\n\t\t\t\t<\/div>\n\t\t<div class=\"elementor-element elementor-element-9b61f1a e-flex e-con-boxed e-con e-parent\" data-id=\"9b61f1a\" data-element_type=\"container\">\n\t\t\t\t\t<div class=\"e-con-inner\">\n\t\t\t\t<div class=\"elementor-element elementor-element-f764044 elementor-align-justify elementor-widget elementor-widget-button\" data-id=\"f764044\" data-element_type=\"widget\" data-widget_type=\"button.default\">\n\t\t\t\t<div class=\"elementor-widget-container\">\n\t\t\t\t\t\t\t\t\t<div class=\"elementor-button-wrapper\">\n\t\t\t\t\t<a class=\"elementor-button elementor-button-link elementor-size-sm\" href=\"https:\/\/lasersignals.com.br\/?page_id=8\">\n\t\t\t\t\t\t<span class=\"elementor-button-content-wrapper\">\n\t\t\t\t\t\t\t\t\t<span class=\"elementor-button-text\">Servi\u00e7os<\/span>\n\t\t\t\t\t<\/span>\n\t\t\t\t\t<\/a>\n\t\t\t\t<\/div>\n\t\t\t\t\t\t\t\t<\/div>\n\t\t\t\t<\/div>\n\t\t\t\t<div class=\"elementor-element elementor-element-86eea73 elementor-widget__width-initial elementor-widget elementor-widget-google_maps\" data-id=\"86eea73\" data-element_type=\"widget\" data-widget_type=\"google_maps.default\">\n\t\t\t\t<div class=\"elementor-widget-container\">\n\t\t\t\t\t\t\t<div class=\"elementor-custom-embed\">\n\t\t\t<iframe loading=\"lazy\"\n\t\t\t\t\tsrc=\"https:\/\/maps.google.com\/maps?q=Rua%20Curupace%2C658%20-%20Mooca&#038;t=m&#038;z=10&#038;output=embed&#038;iwloc=near\"\n\t\t\t\t\ttitle=\"Rua Curupace,658 - Mooca\"\n\t\t\t\t\taria-label=\"Rua Curupace,658 - Mooca\"\n\t\t\t><\/iframe>\n\t\t<\/div>\n\t\t\t\t\t\t<\/div>\n\t\t\t\t<\/div>\n\t\t\t\t<div class=\"elementor-element elementor-element-0ba6293 elementor-widget__width-initial elementor-absolute elementor-widget elementor-widget-text-editor\" data-id=\"0ba6293\" data-element_type=\"widget\" data-settings=\"{&quot;_position&quot;:&quot;absolute&quot;}\" data-widget_type=\"text-editor.default\">\n\t\t\t\t<div class=\"elementor-widget-container\">\n\t\t\t\t\t\t\t\t\t<p>Rua: Curupace, 658 &#8211; Mooca<br \/>CEP 03120-015 S\u00e3o Paulo- SP<br \/>Whatsapp 2601-5515<\/p>\n<p><strong><a href=\"mailto:contato@lasersignals.com.br\">contato@lasersignals.com.br<\/a><\/strong><\/p>\n<p>\u00a0<\/p>\t\t\t\t\t\t\t\t<\/div>\n\t\t\t\t<\/div>\n\t\t\t\t\t<\/div>\n\t\t\t\t<\/div>\n\t\t\t\t<\/div>\n\t\t","protected":false},"excerpt":{"rendered":"<p>Empresa desde 2004. Executamos projetos especiais sob medida para o cliente, e ajudando a desenvolver solu\u00e7\u00f5es para seu produto. Trabalhamos com corte e grava\u00e7\u00e3o a laser, router cnc, plotagem e impress\u00e3o digital, contamos tamb\u00e9m com dobras e colagens especiais. ACM, Acr\u00edlico, Policarbonato, PSAI, PS, PETG, MDF, EVA entre outros. A LaserSignals Servi\u00e7os Rua: Curupace, 658 [&hellip;]<\/p>\n","protected":false},"author":1,"featured_media":0,"parent":0,"menu_order":0,"comment_status":"closed","ping_status":"closed","template":"elementor_header_footer","meta":{"footnotes":""},"class_list":["post-7","page","type-page","status-publish","hentry"],"yoast_head":"<!-- This site is optimized with the Yoast SEO plugin v26.7 - https:\/\/yoast.com\/wordpress\/plugins\/seo\/ -->\n<title>A LaserSignals -<\/title>\n<meta name=\"robots\" content=\"index, follow, max-snippet:-1, max-image-preview:large, max-video-preview:-1\" \/>\n<link rel=\"canonical\" href=\"https:\/\/lasersignals.com.br\/\" \/>\n<meta property=\"og:locale\" content=\"en_US\" \/>\n<meta property=\"og:type\" content=\"article\" \/>\n<meta property=\"og:title\" content=\"A LaserSignals -\" \/>\n<meta property=\"og:description\" content=\"Empresa desde 2004. Executamos projetos especiais sob medida para o cliente, e ajudando a desenvolver solu\u00e7\u00f5es para seu produto. Trabalhamos com corte e grava\u00e7\u00e3o a laser, router cnc, plotagem e impress\u00e3o digital, contamos tamb\u00e9m com dobras e colagens especiais. ACM, Acr\u00edlico, Policarbonato, PSAI, PS, PETG, MDF, EVA entre outros. A LaserSignals Servi\u00e7os Rua: Curupace, 658 [&hellip;]\" \/>\n<meta property=\"og:url\" content=\"https:\/\/lasersignals.com.br\/\" \/>\n<meta property=\"article:modified_time\" content=\"2026-01-15T17:23:03+00:00\" \/>\n<meta property=\"og:image\" content=\"http:\/\/lasersignals.com.br\/wp-content\/uploads\/2026\/01\/banner3-300x156.jpeg\" \/>\n<meta name=\"twitter:card\" content=\"summary_large_image\" \/>\n<meta name=\"twitter:label1\" content=\"Est. reading time\" \/>\n\t<meta name=\"twitter:data1\" content=\"1 minute\" \/>\n<script type=\"application\/ld+json\" class=\"yoast-schema-graph\">{\"@context\":\"https:\/\/schema.org\",\"@graph\":[{\"@type\":\"WebPage\",\"@id\":\"https:\/\/lasersignals.com.br\/\",\"url\":\"https:\/\/lasersignals.com.br\/\",\"name\":\"A LaserSignals -\",\"isPartOf\":{\"@id\":\"https:\/\/lasersignals.com.br\/#website\"},\"primaryImageOfPage\":{\"@id\":\"https:\/\/lasersignals.com.br\/#primaryimage\"},\"image\":{\"@id\":\"https:\/\/lasersignals.com.br\/#primaryimage\"},\"thumbnailUrl\":\"http:\/\/lasersignals.com.br\/wp-content\/uploads\/2026\/01\/banner3-300x156.jpeg\",\"datePublished\":\"2020-08-04T13:19:07+00:00\",\"dateModified\":\"2026-01-15T17:23:03+00:00\",\"breadcrumb\":{\"@id\":\"https:\/\/lasersignals.com.br\/#breadcrumb\"},\"inLanguage\":\"en-US\",\"potentialAction\":[{\"@type\":\"ReadAction\",\"target\":[\"https:\/\/lasersignals.com.br\/\"]}]},{\"@type\":\"ImageObject\",\"inLanguage\":\"en-US\",\"@id\":\"https:\/\/lasersignals.com.br\/#primaryimage\",\"url\":\"https:\/\/lasersignals.com.br\/wp-content\/uploads\/2026\/01\/banner3.jpeg\",\"contentUrl\":\"https:\/\/lasersignals.com.br\/wp-content\/uploads\/2026\/01\/banner3.jpeg\",\"width\":1920,\"height\":1000},{\"@type\":\"BreadcrumbList\",\"@id\":\"https:\/\/lasersignals.com.br\/#breadcrumb\",\"itemListElement\":[{\"@type\":\"ListItem\",\"position\":1,\"name\":\"Home\",\"item\":\"https:\/\/lasersignals.com.br\/\"},{\"@type\":\"ListItem\",\"position\":2,\"name\":\"A LaserSignals\"}]},{\"@type\":\"WebSite\",\"@id\":\"https:\/\/lasersignals.com.br\/#website\",\"url\":\"https:\/\/lasersignals.com.br\/\",\"name\":\"\",\"description\":\"\",\"potentialAction\":[{\"@type\":\"SearchAction\",\"target\":{\"@type\":\"EntryPoint\",\"urlTemplate\":\"https:\/\/lasersignals.com.br\/?s={search_term_string}\"},\"query-input\":{\"@type\":\"PropertyValueSpecification\",\"valueRequired\":true,\"valueName\":\"search_term_string\"}}],\"inLanguage\":\"en-US\"}]}<\/script>\n<!-- \/ Yoast SEO plugin. -->","yoast_head_json":{"title":"A LaserSignals -","robots":{"index":"index","follow":"follow","max-snippet":"max-snippet:-1","max-image-preview":"max-image-preview:large","max-video-preview":"max-video-preview:-1"},"canonical":"https:\/\/lasersignals.com.br\/","og_locale":"en_US","og_type":"article","og_title":"A LaserSignals -","og_description":"Empresa desde 2004. Executamos projetos especiais sob medida para o cliente, e ajudando a desenvolver solu\u00e7\u00f5es para seu produto. Trabalhamos com corte e grava\u00e7\u00e3o a laser, router cnc, plotagem e impress\u00e3o digital, contamos tamb\u00e9m com dobras e colagens especiais. ACM, Acr\u00edlico, Policarbonato, PSAI, PS, PETG, MDF, EVA entre outros. A LaserSignals Servi\u00e7os Rua: Curupace, 658 [&hellip;]","og_url":"https:\/\/lasersignals.com.br\/","article_modified_time":"2026-01-15T17:23:03+00:00","og_image":[{"url":"http:\/\/lasersignals.com.br\/wp-content\/uploads\/2026\/01\/banner3-300x156.jpeg","type":"","width":"","height":""}],"twitter_card":"summary_large_image","twitter_misc":{"Est. reading time":"1 minute"},"schema":{"@context":"https:\/\/schema.org","@graph":[{"@type":"WebPage","@id":"https:\/\/lasersignals.com.br\/","url":"https:\/\/lasersignals.com.br\/","name":"A LaserSignals -","isPartOf":{"@id":"https:\/\/lasersignals.com.br\/#website"},"primaryImageOfPage":{"@id":"https:\/\/lasersignals.com.br\/#primaryimage"},"image":{"@id":"https:\/\/lasersignals.com.br\/#primaryimage"},"thumbnailUrl":"http:\/\/lasersignals.com.br\/wp-content\/uploads\/2026\/01\/banner3-300x156.jpeg","datePublished":"2020-08-04T13:19:07+00:00","dateModified":"2026-01-15T17:23:03+00:00","breadcrumb":{"@id":"https:\/\/lasersignals.com.br\/#breadcrumb"},"inLanguage":"en-US","potentialAction":[{"@type":"ReadAction","target":["https:\/\/lasersignals.com.br\/"]}]},{"@type":"ImageObject","inLanguage":"en-US","@id":"https:\/\/lasersignals.com.br\/#primaryimage","url":"https:\/\/lasersignals.com.br\/wp-content\/uploads\/2026\/01\/banner3.jpeg","contentUrl":"https:\/\/lasersignals.com.br\/wp-content\/uploads\/2026\/01\/banner3.jpeg","width":1920,"height":1000},{"@type":"BreadcrumbList","@id":"https:\/\/lasersignals.com.br\/#breadcrumb","itemListElement":[{"@type":"ListItem","position":1,"name":"Home","item":"https:\/\/lasersignals.com.br\/"},{"@type":"ListItem","position":2,"name":"A LaserSignals"}]},{"@type":"WebSite","@id":"https:\/\/lasersignals.com.br\/#website","url":"https:\/\/lasersignals.com.br\/","name":"","description":"","potentialAction":[{"@type":"SearchAction","target":{"@type":"EntryPoint","urlTemplate":"https:\/\/lasersignals.com.br\/?s={search_term_string}"},"query-input":{"@type":"PropertyValueSpecification","valueRequired":true,"valueName":"search_term_string"}}],"inLanguage":"en-US"}]}},"_links":{"self":[{"href":"https:\/\/lasersignals.com.br\/index.php?rest_route=\/wp\/v2\/pages\/7","targetHints":{"allow":["GET"]}}],"collection":[{"href":"https:\/\/lasersignals.com.br\/index.php?rest_route=\/wp\/v2\/pages"}],"about":[{"href":"https:\/\/lasersignals.com.br\/index.php?rest_route=\/wp\/v2\/types\/page"}],"author":[{"embeddable":true,"href":"https:\/\/lasersignals.com.br\/index.php?rest_route=\/wp\/v2\/users\/1"}],"replies":[{"embeddable":true,"href":"https:\/\/lasersignals.com.br\/index.php?rest_route=%2Fwp%2Fv2%2Fcomments&post=7"}],"version-history":[{"count":109,"href":"https:\/\/lasersignals.com.br\/index.php?rest_route=\/wp\/v2\/pages\/7\/revisions"}],"predecessor-version":[{"id":180,"href":"https:\/\/lasersignals.com.br\/index.php?rest_route=\/wp\/v2\/pages\/7\/revisions\/180"}],"wp:attachment":[{"href":"https:\/\/lasersignals.com.br\/index.php?rest_route=%2Fwp%2Fv2%2Fmedia&parent=7"}],"curies":[{"name":"wp","href":"https:\/\/api.w.org\/{rel}","templated":true}]}}