{"id":8,"date":"2020-08-13T11:36:59","date_gmt":"2020-08-13T14:36:59","guid":{"rendered":"https:\/\/lasersignals.com.br\/?page_id=8"},"modified":"2026-01-14T14:51:12","modified_gmt":"2026-01-14T17:51:12","slug":"servicos","status":"publish","type":"page","link":"https:\/\/lasersignals.com.br\/?page_id=8","title":{"rendered":"Servi\u00e7os"},"content":{"rendered":"\t\t<div data-elementor-type=\"wp-page\" data-elementor-id=\"8\" class=\"elementor elementor-8\">\n\t\t\t\t<div class=\"elementor-element elementor-element-5892fa14 e-flex e-con-boxed e-con e-parent\" data-id=\"5892fa14\" data-element_type=\"container\">\n\t\t\t\t\t<div class=\"e-con-inner\">\n\t\t\t\t<div class=\"elementor-element elementor-element-6e65e6f elementor-widget elementor-widget-heading\" data-id=\"6e65e6f\" data-element_type=\"widget\" data-widget_type=\"heading.default\">\n\t\t\t\t<div class=\"elementor-widget-container\">\n\t\t\t\t\t<h2 class=\"elementor-heading-title elementor-size-default\"><a href=\"http:\/\/lasersignals.com.br\">Home<\/a><\/h2>\t\t\t\t<\/div>\n\t\t\t\t<\/div>\n\t\t\t\t<div class=\"elementor-element elementor-element-5ba8be7 elementor-widget elementor-widget-text-editor\" data-id=\"5ba8be7\" data-element_type=\"widget\" data-widget_type=\"text-editor.default\">\n\t\t\t\t<div class=\"elementor-widget-container\">\n\t\t\t\t\t\t\t\t\t<p>Empresa desde 2004.<\/p>\n<p>Executamos projetos especiais sob medida para o cliente, e ajudando a desenvolver solu\u00e7\u00f5es para seu produto<\/p>\n<p>Trabalhamos com corte e grava\u00e7\u00e3o a laser, router cnc, plotagem e impress\u00e3o digital, contamos tamb\u00e9m com dobras e colagens especiais.<\/p>\n<p>ACM, Acr\u00edlico, Policarbonato, PSAI, PS, PETG, MDF, EVA entre outros.<\/p>\n<p>O corte das chapas de acr\u00edlico, tecidos, MDF (madeira), EVA, couro, policarbonato, PETG, entre outros \u00e9 o processo que permite a confec\u00e7\u00e3o das pe\u00e7as com qualquer formato, com alta precis\u00e3o e conforme a necessidade do cliente. Em uma r\u00e1pida defini\u00e7\u00e3o, pode-se dizer que o laser \u00e9 um dispositivo que produz um fluxo definido de luz com qualidades excepcionais de intensidade e dire\u00e7\u00e3o. Os lasers emitem ondas de luz que exp\u00f5em o material ao intenso calor gerado pela concentra\u00e7\u00e3o do raio, vaporizando o material no ponto focalizado. O corte a laser tamb\u00e9m tem outras vantagens para chapas acr\u00edlicas, como a elimina\u00e7\u00e3o da necessidade de acabamentos posteriores, como lixamento e polimento, al\u00e9m do melhor aproveitamento da mat\u00e9ria-prima, permitindo repetibilidade, com consequente redu\u00e7\u00e3o de custos e aumento da capacidade de produ\u00e7\u00e3o com agilidade no corte, alta defini\u00e7\u00e3o com processo limpo e n\u00e3o poluente.<\/p>\n<p><span style=\"font-size: 16.8px;\">Realizamos tamb\u00e9m dobras e colagens especiais.<\/span><\/p>\t\t\t\t\t\t\t\t<\/div>\n\t\t\t\t<\/div>\n\t\t\t\t\t<\/div>\n\t\t\t\t<\/div>\n\t\t<div class=\"elementor-element elementor-element-0f22f12 e-grid e-con-full e-con e-parent\" data-id=\"0f22f12\" data-element_type=\"container\">\n\t\t\t\t<div class=\"elementor-element elementor-element-88ccf19 elementor-widget elementor-widget-image\" data-id=\"88ccf19\" data-element_type=\"widget\" data-widget_type=\"image.default\">\n\t\t\t\t<div class=\"elementor-widget-container\">\n\t\t\t\t\t\t\t\t\t\t\t\t\t\t\t<img fetchpriority=\"high\" decoding=\"async\" width=\"555\" height=\"370\" src=\"https:\/\/lasersignals.com.br\/wp-content\/uploads\/2026\/01\/router2.jpg\" class=\"attachment-large size-large wp-image-37\" alt=\"\" srcset=\"https:\/\/lasersignals.com.br\/wp-content\/uploads\/2026\/01\/router2.jpg 555w, https:\/\/lasersignals.com.br\/wp-content\/uploads\/2026\/01\/router2-300x200.jpg 300w\" sizes=\"(max-width: 555px) 100vw, 555px\" \/>\t\t\t\t\t\t\t\t\t\t\t\t\t\t\t<\/div>\n\t\t\t\t<\/div>\n\t\t\t\t<div class=\"elementor-element elementor-element-d383beb elementor-widget elementor-widget-image\" data-id=\"d383beb\" data-element_type=\"widget\" data-widget_type=\"image.default\">\n\t\t\t\t<div class=\"elementor-widget-container\">\n\t\t\t\t\t\t\t\t\t\t\t\t\t\t\t<img decoding=\"async\" width=\"555\" height=\"370\" src=\"https:\/\/lasersignals.com.br\/wp-content\/uploads\/2026\/01\/router1.jpg\" class=\"attachment-large size-large wp-image-35\" alt=\"\" srcset=\"https:\/\/lasersignals.com.br\/wp-content\/uploads\/2026\/01\/router1.jpg 555w, https:\/\/lasersignals.com.br\/wp-content\/uploads\/2026\/01\/router1-300x200.jpg 300w\" sizes=\"(max-width: 555px) 100vw, 555px\" \/>\t\t\t\t\t\t\t\t\t\t\t\t\t\t\t<\/div>\n\t\t\t\t<\/div>\n\t\t\t\t<div class=\"elementor-element elementor-element-6688d15 elementor-widget elementor-widget-image\" data-id=\"6688d15\" data-element_type=\"widget\" data-widget_type=\"image.default\">\n\t\t\t\t<div class=\"elementor-widget-container\">\n\t\t\t\t\t\t\t\t\t\t\t\t\t\t\t<img decoding=\"async\" width=\"555\" height=\"370\" src=\"https:\/\/lasersignals.com.br\/wp-content\/uploads\/2026\/01\/coret-laser3.jpg\" class=\"attachment-large size-large wp-image-33\" alt=\"\" srcset=\"https:\/\/lasersignals.com.br\/wp-content\/uploads\/2026\/01\/coret-laser3.jpg 555w, https:\/\/lasersignals.com.br\/wp-content\/uploads\/2026\/01\/coret-laser3-300x200.jpg 300w\" sizes=\"(max-width: 555px) 100vw, 555px\" \/>\t\t\t\t\t\t\t\t\t\t\t\t\t\t\t<\/div>\n\t\t\t\t<\/div>\n\t\t\t\t<div class=\"elementor-element elementor-element-fdb1593 elementor-widget elementor-widget-image\" data-id=\"fdb1593\" data-element_type=\"widget\" data-widget_type=\"image.default\">\n\t\t\t\t<div class=\"elementor-widget-container\">\n\t\t\t\t\t\t\t\t\t\t\t\t\t\t\t<img loading=\"lazy\" decoding=\"async\" width=\"555\" height=\"370\" src=\"https:\/\/lasersignals.com.br\/wp-content\/uploads\/2026\/01\/coret-laser4.jpg\" class=\"attachment-large size-large wp-image-38\" alt=\"\" srcset=\"https:\/\/lasersignals.com.br\/wp-content\/uploads\/2026\/01\/coret-laser4.jpg 555w, https:\/\/lasersignals.com.br\/wp-content\/uploads\/2026\/01\/coret-laser4-300x200.jpg 300w\" sizes=\"(max-width: 555px) 100vw, 555px\" \/>\t\t\t\t\t\t\t\t\t\t\t\t\t\t\t<\/div>\n\t\t\t\t<\/div>\n\t\t\t\t<div class=\"elementor-element elementor-element-d7d6797 elementor-widget elementor-widget-image\" data-id=\"d7d6797\" data-element_type=\"widget\" data-widget_type=\"image.default\">\n\t\t\t\t<div class=\"elementor-widget-container\">\n\t\t\t\t\t\t\t\t\t\t\t\t\t\t\t<img loading=\"lazy\" decoding=\"async\" width=\"555\" height=\"370\" src=\"https:\/\/lasersignals.com.br\/wp-content\/uploads\/2026\/01\/dispaly3.jpg\" class=\"attachment-large size-large wp-image-40\" alt=\"\" srcset=\"https:\/\/lasersignals.com.br\/wp-content\/uploads\/2026\/01\/dispaly3.jpg 555w, https:\/\/lasersignals.com.br\/wp-content\/uploads\/2026\/01\/dispaly3-300x200.jpg 300w\" sizes=\"(max-width: 555px) 100vw, 555px\" \/>\t\t\t\t\t\t\t\t\t\t\t\t\t\t\t<\/div>\n\t\t\t\t<\/div>\n\t\t\t\t<div class=\"elementor-element elementor-element-aa6d136 elementor-widget elementor-widget-image\" data-id=\"aa6d136\" data-element_type=\"widget\" data-widget_type=\"image.default\">\n\t\t\t\t<div class=\"elementor-widget-container\">\n\t\t\t\t\t\t\t\t\t\t\t\t\t\t\t<img loading=\"lazy\" decoding=\"async\" width=\"555\" height=\"370\" src=\"https:\/\/lasersignals.com.br\/wp-content\/uploads\/2026\/01\/impress-graphic2.jpg\" class=\"attachment-large size-large wp-image-34\" alt=\"\" srcset=\"https:\/\/lasersignals.com.br\/wp-content\/uploads\/2026\/01\/impress-graphic2.jpg 555w, https:\/\/lasersignals.com.br\/wp-content\/uploads\/2026\/01\/impress-graphic2-300x200.jpg 300w\" sizes=\"(max-width: 555px) 100vw, 555px\" \/>\t\t\t\t\t\t\t\t\t\t\t\t\t\t\t<\/div>\n\t\t\t\t<\/div>\n\t\t\t\t<\/div>\n\t\t<div class=\"elementor-element elementor-element-e4fca9b e-flex e-con-boxed e-con e-parent\" data-id=\"e4fca9b\" data-element_type=\"container\">\n\t\t\t\t\t<div class=\"e-con-inner\">\n\t\t\t\t\t<\/div>\n\t\t\t\t<\/div>\n\t\t\t\t<\/div>\n\t\t","protected":false},"excerpt":{"rendered":"<p>Home Empresa desde 2004. Executamos projetos especiais sob medida para o cliente, e ajudando a desenvolver solu\u00e7\u00f5es para seu produto Trabalhamos com corte e grava\u00e7\u00e3o a laser, router cnc, plotagem e impress\u00e3o digital, contamos tamb\u00e9m com dobras e colagens especiais. ACM, Acr\u00edlico, Policarbonato, PSAI, PS, PETG, MDF, EVA entre outros. O corte das chapas de [&hellip;]<\/p>\n","protected":false},"author":1,"featured_media":0,"parent":0,"menu_order":0,"comment_status":"closed","ping_status":"closed","template":"elementor_header_footer","meta":{"footnotes":""},"class_list":["post-8","page","type-page","status-publish","hentry"],"yoast_head":"<!-- This site is optimized with the Yoast SEO plugin v26.7 - https:\/\/yoast.com\/wordpress\/plugins\/seo\/ -->\n<title>Servi\u00e7os -<\/title>\n<meta name=\"robots\" content=\"index, follow, max-snippet:-1, max-image-preview:large, max-video-preview:-1\" \/>\n<link rel=\"canonical\" href=\"https:\/\/lasersignals.com.br\/?page_id=8\" \/>\n<meta property=\"og:locale\" content=\"en_US\" \/>\n<meta property=\"og:type\" content=\"article\" \/>\n<meta property=\"og:title\" content=\"Servi\u00e7os -\" \/>\n<meta property=\"og:description\" content=\"Home Empresa desde 2004. Executamos projetos especiais sob medida para o cliente, e ajudando a desenvolver solu\u00e7\u00f5es para seu produto Trabalhamos com corte e grava\u00e7\u00e3o a laser, router cnc, plotagem e impress\u00e3o digital, contamos tamb\u00e9m com dobras e colagens especiais. ACM, Acr\u00edlico, Policarbonato, PSAI, PS, PETG, MDF, EVA entre outros. O corte das chapas de [&hellip;]\" \/>\n<meta property=\"og:url\" content=\"https:\/\/lasersignals.com.br\/?page_id=8\" \/>\n<meta property=\"article:modified_time\" content=\"2026-01-14T17:51:12+00:00\" \/>\n<meta property=\"og:image\" content=\"http:\/\/lasersignals.com.br\/wp-content\/uploads\/2026\/01\/router2.jpg\" \/>\n<meta name=\"twitter:card\" content=\"summary_large_image\" \/>\n<meta name=\"twitter:label1\" content=\"Est. reading time\" \/>\n\t<meta name=\"twitter:data1\" content=\"3 minutes\" \/>\n<script type=\"application\/ld+json\" class=\"yoast-schema-graph\">{\"@context\":\"https:\/\/schema.org\",\"@graph\":[{\"@type\":\"WebPage\",\"@id\":\"https:\/\/lasersignals.com.br\/?page_id=8\",\"url\":\"https:\/\/lasersignals.com.br\/?page_id=8\",\"name\":\"Servi\u00e7os -\",\"isPartOf\":{\"@id\":\"https:\/\/lasersignals.com.br\/#website\"},\"primaryImageOfPage\":{\"@id\":\"https:\/\/lasersignals.com.br\/?page_id=8#primaryimage\"},\"image\":{\"@id\":\"https:\/\/lasersignals.com.br\/?page_id=8#primaryimage\"},\"thumbnailUrl\":\"http:\/\/lasersignals.com.br\/wp-content\/uploads\/2026\/01\/router2.jpg\",\"datePublished\":\"2020-08-13T14:36:59+00:00\",\"dateModified\":\"2026-01-14T17:51:12+00:00\",\"breadcrumb\":{\"@id\":\"https:\/\/lasersignals.com.br\/?page_id=8#breadcrumb\"},\"inLanguage\":\"en-US\",\"potentialAction\":[{\"@type\":\"ReadAction\",\"target\":[\"https:\/\/lasersignals.com.br\/?page_id=8\"]}]},{\"@type\":\"ImageObject\",\"inLanguage\":\"en-US\",\"@id\":\"https:\/\/lasersignals.com.br\/?page_id=8#primaryimage\",\"url\":\"https:\/\/lasersignals.com.br\/wp-content\/uploads\/2026\/01\/router2.jpg\",\"contentUrl\":\"https:\/\/lasersignals.com.br\/wp-content\/uploads\/2026\/01\/router2.jpg\",\"width\":555,\"height\":370,\"caption\":\"Laser beam cutting plywood sheet\"},{\"@type\":\"BreadcrumbList\",\"@id\":\"https:\/\/lasersignals.com.br\/?page_id=8#breadcrumb\",\"itemListElement\":[{\"@type\":\"ListItem\",\"position\":1,\"name\":\"Home\",\"item\":\"https:\/\/lasersignals.com.br\/\"},{\"@type\":\"ListItem\",\"position\":2,\"name\":\"Servi\u00e7os\"}]},{\"@type\":\"WebSite\",\"@id\":\"https:\/\/lasersignals.com.br\/#website\",\"url\":\"https:\/\/lasersignals.com.br\/\",\"name\":\"\",\"description\":\"\",\"potentialAction\":[{\"@type\":\"SearchAction\",\"target\":{\"@type\":\"EntryPoint\",\"urlTemplate\":\"https:\/\/lasersignals.com.br\/?s={search_term_string}\"},\"query-input\":{\"@type\":\"PropertyValueSpecification\",\"valueRequired\":true,\"valueName\":\"search_term_string\"}}],\"inLanguage\":\"en-US\"}]}<\/script>\n<!-- \/ Yoast SEO plugin. -->","yoast_head_json":{"title":"Servi\u00e7os -","robots":{"index":"index","follow":"follow","max-snippet":"max-snippet:-1","max-image-preview":"max-image-preview:large","max-video-preview":"max-video-preview:-1"},"canonical":"https:\/\/lasersignals.com.br\/?page_id=8","og_locale":"en_US","og_type":"article","og_title":"Servi\u00e7os -","og_description":"Home Empresa desde 2004. Executamos projetos especiais sob medida para o cliente, e ajudando a desenvolver solu\u00e7\u00f5es para seu produto Trabalhamos com corte e grava\u00e7\u00e3o a laser, router cnc, plotagem e impress\u00e3o digital, contamos tamb\u00e9m com dobras e colagens especiais. ACM, Acr\u00edlico, Policarbonato, PSAI, PS, PETG, MDF, EVA entre outros. O corte das chapas de [&hellip;]","og_url":"https:\/\/lasersignals.com.br\/?page_id=8","article_modified_time":"2026-01-14T17:51:12+00:00","og_image":[{"url":"http:\/\/lasersignals.com.br\/wp-content\/uploads\/2026\/01\/router2.jpg","type":"","width":"","height":""}],"twitter_card":"summary_large_image","twitter_misc":{"Est. reading time":"3 minutes"},"schema":{"@context":"https:\/\/schema.org","@graph":[{"@type":"WebPage","@id":"https:\/\/lasersignals.com.br\/?page_id=8","url":"https:\/\/lasersignals.com.br\/?page_id=8","name":"Servi\u00e7os -","isPartOf":{"@id":"https:\/\/lasersignals.com.br\/#website"},"primaryImageOfPage":{"@id":"https:\/\/lasersignals.com.br\/?page_id=8#primaryimage"},"image":{"@id":"https:\/\/lasersignals.com.br\/?page_id=8#primaryimage"},"thumbnailUrl":"http:\/\/lasersignals.com.br\/wp-content\/uploads\/2026\/01\/router2.jpg","datePublished":"2020-08-13T14:36:59+00:00","dateModified":"2026-01-14T17:51:12+00:00","breadcrumb":{"@id":"https:\/\/lasersignals.com.br\/?page_id=8#breadcrumb"},"inLanguage":"en-US","potentialAction":[{"@type":"ReadAction","target":["https:\/\/lasersignals.com.br\/?page_id=8"]}]},{"@type":"ImageObject","inLanguage":"en-US","@id":"https:\/\/lasersignals.com.br\/?page_id=8#primaryimage","url":"https:\/\/lasersignals.com.br\/wp-content\/uploads\/2026\/01\/router2.jpg","contentUrl":"https:\/\/lasersignals.com.br\/wp-content\/uploads\/2026\/01\/router2.jpg","width":555,"height":370,"caption":"Laser beam cutting plywood sheet"},{"@type":"BreadcrumbList","@id":"https:\/\/lasersignals.com.br\/?page_id=8#breadcrumb","itemListElement":[{"@type":"ListItem","position":1,"name":"Home","item":"https:\/\/lasersignals.com.br\/"},{"@type":"ListItem","position":2,"name":"Servi\u00e7os"}]},{"@type":"WebSite","@id":"https:\/\/lasersignals.com.br\/#website","url":"https:\/\/lasersignals.com.br\/","name":"","description":"","potentialAction":[{"@type":"SearchAction","target":{"@type":"EntryPoint","urlTemplate":"https:\/\/lasersignals.com.br\/?s={search_term_string}"},"query-input":{"@type":"PropertyValueSpecification","valueRequired":true,"valueName":"search_term_string"}}],"inLanguage":"en-US"}]}},"_links":{"self":[{"href":"https:\/\/lasersignals.com.br\/index.php?rest_route=\/wp\/v2\/pages\/8","targetHints":{"allow":["GET"]}}],"collection":[{"href":"https:\/\/lasersignals.com.br\/index.php?rest_route=\/wp\/v2\/pages"}],"about":[{"href":"https:\/\/lasersignals.com.br\/index.php?rest_route=\/wp\/v2\/types\/page"}],"author":[{"embeddable":true,"href":"https:\/\/lasersignals.com.br\/index.php?rest_route=\/wp\/v2\/users\/1"}],"replies":[{"embeddable":true,"href":"https:\/\/lasersignals.com.br\/index.php?rest_route=%2Fwp%2Fv2%2Fcomments&post=8"}],"version-history":[{"count":13,"href":"https:\/\/lasersignals.com.br\/index.php?rest_route=\/wp\/v2\/pages\/8\/revisions"}],"predecessor-version":[{"id":69,"href":"https:\/\/lasersignals.com.br\/index.php?rest_route=\/wp\/v2\/pages\/8\/revisions\/69"}],"wp:attachment":[{"href":"https:\/\/lasersignals.com.br\/index.php?rest_route=%2Fwp%2Fv2%2Fmedia&parent=8"}],"curies":[{"name":"wp","href":"https:\/\/api.w.org\/{rel}","templated":true}]}}